{"id":13,"date":"2025-08-02T21:55:33","date_gmt":"2025-08-02T18:55:33","guid":{"rendered":"http:\/\/lutfubeykonagi.com.tr\/index.php\/my-account\/"},"modified":"2025-08-02T21:55:33","modified_gmt":"2025-08-02T18:55:33","slug":"my-account","status":"publish","type":"page","link":"https:\/\/lutfubeykonagi.com.tr\/index.php\/my-account\/","title":{"rendered":"My account"},"content":{"rendered":"<div class=\"woocommerce\"><\/div>\n","protected":false},"excerpt":{"rendered":"","protected":false},"author":1,"featured_media":0,"parent":0,"menu_order":0,"comment_status":"closed","ping_status":"closed","template":"","meta":{"cozystay_single_page_hide_site_header":"","cozystay_single_page_site_header_source":"","cozystay_single_page_custom_site_header":"0","cozystay_single_page_custom_sticky_site_header":"0","cozystay_single_page_hide_page_title":"","cozystay_single_page_header_section_size":"","cozystay_single_page_header_background_color":"","cozystay_single_page_header_background_position_x":"center","cozystay_single_page_header_background_position_y":"center","cozystay_single_page_header_background_size":"cover","cozystay_single_page_header_background_repeat":"off","cozystay_single_page_header_background_scroll":"on","cozystay_single_page_header_text_color":"","cozystay_single_page_header_show_breadcrumb":"","cozystay_single_page_site_footer_hide_main":"","cozystay_single_custom_site_footer_main_source":"","cozystay_single_custom_site_footer_main":"0","cozystay_single_page_site_footer_hide_above":"","cozystay_single_custom_site_footer_above_source":"","cozystay_single_custom_site_footer_above":"0","cozystay_single_page_site_footer_hide_instagram":"","cozystay_single_page_site_footer_hide_bottom":"","cozystay_single_custom_mobile_menu_source":"","cozystay_single_custom_mobile_menu":"0","cozystay_single_custom_mobile_menu_animation":"","cozystay_single_custom_mobile_menu_width":"","cozystay_single_custom_mobile_menu_custom_width":375,"footnotes":""},"class_list":["post-13","page","type-page","status-publish","hentry"],"yoast_head":"<!-- This site is optimized with the Yoast SEO plugin v26.0 - https:\/\/yoast.com\/wordpress\/plugins\/seo\/ -->\n<title>My account - L\u00fctf\u00fc Bey Kona\u011f\u0131<\/title>\n<meta name=\"robots\" content=\"index, follow, max-snippet:-1, max-image-preview:large, max-video-preview:-1\" \/>\n<link rel=\"canonical\" href=\"https:\/\/lutfubeykonagi.com.tr\/index.php\/my-account\/\" \/>\n<meta property=\"og:locale\" content=\"tr_TR\" \/>\n<meta property=\"og:type\" content=\"article\" \/>\n<meta property=\"og:title\" content=\"My account - L\u00fctf\u00fc Bey Kona\u011f\u0131\" \/>\n<meta property=\"og:url\" content=\"https:\/\/lutfubeykonagi.com.tr\/index.php\/my-account\/\" \/>\n<meta property=\"og:site_name\" content=\"L\u00fctf\u00fc Bey Kona\u011f\u0131\" \/>\n<meta name=\"twitter:card\" content=\"summary_large_image\" \/>\n<script type=\"application\/ld+json\" class=\"yoast-schema-graph\">{\"@context\":\"https:\/\/schema.org\",\"@graph\":[{\"@type\":\"WebPage\",\"@id\":\"https:\/\/lutfubeykonagi.com.tr\/index.php\/my-account\/\",\"url\":\"https:\/\/lutfubeykonagi.com.tr\/index.php\/my-account\/\",\"name\":\"My account - L\u00fctf\u00fc Bey Kona\u011f\u0131\",\"isPartOf\":{\"@id\":\"https:\/\/lutfubeykonagi.com.tr\/#website\"},\"datePublished\":\"2025-08-02T18:55:33+00:00\",\"breadcrumb\":{\"@id\":\"https:\/\/lutfubeykonagi.com.tr\/index.php\/my-account\/#breadcrumb\"},\"inLanguage\":\"tr\",\"potentialAction\":[{\"@type\":\"ReadAction\",\"target\":[\"https:\/\/lutfubeykonagi.com.tr\/index.php\/my-account\/\"]}]},{\"@type\":\"BreadcrumbList\",\"@id\":\"https:\/\/lutfubeykonagi.com.tr\/index.php\/my-account\/#breadcrumb\",\"itemListElement\":[{\"@type\":\"ListItem\",\"position\":1,\"name\":\"Home\",\"item\":\"https:\/\/lutfubeykonagi.com.tr\/\"},{\"@type\":\"ListItem\",\"position\":2,\"name\":\"My account\"}]},{\"@type\":\"WebSite\",\"@id\":\"https:\/\/lutfubeykonagi.com.tr\/#website\",\"url\":\"https:\/\/lutfubeykonagi.com.tr\/\",\"name\":\"L\u00fctf\u00fc Bey Kona\u011f\u0131\",\"description\":\"Gaziantep&#039;te Evinizden Uzakta, Eviniz Gibi\",\"publisher\":{\"@id\":\"https:\/\/lutfubeykonagi.com.tr\/#organization\"},\"potentialAction\":[{\"@type\":\"SearchAction\",\"target\":{\"@type\":\"EntryPoint\",\"urlTemplate\":\"https:\/\/lutfubeykonagi.com.tr\/?s={search_term_string}\"},\"query-input\":{\"@type\":\"PropertyValueSpecification\",\"valueRequired\":true,\"valueName\":\"search_term_string\"}}],\"inLanguage\":\"tr\"},{\"@type\":\"Organization\",\"@id\":\"https:\/\/lutfubeykonagi.com.tr\/#organization\",\"name\":\"L\u00fctf\u00fc Bey Kona\u011f\u0131\",\"url\":\"https:\/\/lutfubeykonagi.com.tr\/\",\"logo\":{\"@type\":\"ImageObject\",\"inLanguage\":\"tr\",\"@id\":\"https:\/\/lutfubeykonagi.com.tr\/#\/schema\/logo\/image\/\",\"url\":\"https:\/\/lutfubeykonagi.com.tr\/wp-content\/uploads\/2023\/03\/cropped-logo-lutfu-bey-1.png\",\"contentUrl\":\"https:\/\/lutfubeykonagi.com.tr\/wp-content\/uploads\/2023\/03\/cropped-logo-lutfu-bey-1.png\",\"width\":200,\"height\":197,\"caption\":\"L\u00fctf\u00fc Bey Kona\u011f\u0131\"},\"image\":{\"@id\":\"https:\/\/lutfubeykonagi.com.tr\/#\/schema\/logo\/image\/\"}}]}<\/script>\n<!-- \/ Yoast SEO plugin. -->","yoast_head_json":{"title":"My account - L\u00fctf\u00fc Bey Kona\u011f\u0131","robots":{"index":"index","follow":"follow","max-snippet":"max-snippet:-1","max-image-preview":"max-image-preview:large","max-video-preview":"max-video-preview:-1"},"canonical":"https:\/\/lutfubeykonagi.com.tr\/index.php\/my-account\/","og_locale":"tr_TR","og_type":"article","og_title":"My account - L\u00fctf\u00fc Bey Kona\u011f\u0131","og_url":"https:\/\/lutfubeykonagi.com.tr\/index.php\/my-account\/","og_site_name":"L\u00fctf\u00fc Bey Kona\u011f\u0131","twitter_card":"summary_large_image","schema":{"@context":"https:\/\/schema.org","@graph":[{"@type":"WebPage","@id":"https:\/\/lutfubeykonagi.com.tr\/index.php\/my-account\/","url":"https:\/\/lutfubeykonagi.com.tr\/index.php\/my-account\/","name":"My account - L\u00fctf\u00fc Bey Kona\u011f\u0131","isPartOf":{"@id":"https:\/\/lutfubeykonagi.com.tr\/#website"},"datePublished":"2025-08-02T18:55:33+00:00","breadcrumb":{"@id":"https:\/\/lutfubeykonagi.com.tr\/index.php\/my-account\/#breadcrumb"},"inLanguage":"tr","potentialAction":[{"@type":"ReadAction","target":["https:\/\/lutfubeykonagi.com.tr\/index.php\/my-account\/"]}]},{"@type":"BreadcrumbList","@id":"https:\/\/lutfubeykonagi.com.tr\/index.php\/my-account\/#breadcrumb","itemListElement":[{"@type":"ListItem","position":1,"name":"Home","item":"https:\/\/lutfubeykonagi.com.tr\/"},{"@type":"ListItem","position":2,"name":"My account"}]},{"@type":"WebSite","@id":"https:\/\/lutfubeykonagi.com.tr\/#website","url":"https:\/\/lutfubeykonagi.com.tr\/","name":"L\u00fctf\u00fc Bey Kona\u011f\u0131","description":"Gaziantep&#039;te Evinizden Uzakta, Eviniz Gibi","publisher":{"@id":"https:\/\/lutfubeykonagi.com.tr\/#organization"},"potentialAction":[{"@type":"SearchAction","target":{"@type":"EntryPoint","urlTemplate":"https:\/\/lutfubeykonagi.com.tr\/?s={search_term_string}"},"query-input":{"@type":"PropertyValueSpecification","valueRequired":true,"valueName":"search_term_string"}}],"inLanguage":"tr"},{"@type":"Organization","@id":"https:\/\/lutfubeykonagi.com.tr\/#organization","name":"L\u00fctf\u00fc Bey Kona\u011f\u0131","url":"https:\/\/lutfubeykonagi.com.tr\/","logo":{"@type":"ImageObject","inLanguage":"tr","@id":"https:\/\/lutfubeykonagi.com.tr\/#\/schema\/logo\/image\/","url":"https:\/\/lutfubeykonagi.com.tr\/wp-content\/uploads\/2023\/03\/cropped-logo-lutfu-bey-1.png","contentUrl":"https:\/\/lutfubeykonagi.com.tr\/wp-content\/uploads\/2023\/03\/cropped-logo-lutfu-bey-1.png","width":200,"height":197,"caption":"L\u00fctf\u00fc Bey Kona\u011f\u0131"},"image":{"@id":"https:\/\/lutfubeykonagi.com.tr\/#\/schema\/logo\/image\/"}}]}},"_links":{"self":[{"href":"https:\/\/lutfubeykonagi.com.tr\/index.php\/wp-json\/wp\/v2\/pages\/13","targetHints":{"allow":["GET"]}}],"collection":[{"href":"https:\/\/lutfubeykonagi.com.tr\/index.php\/wp-json\/wp\/v2\/pages"}],"about":[{"href":"https:\/\/lutfubeykonagi.com.tr\/index.php\/wp-json\/wp\/v2\/types\/page"}],"author":[{"embeddable":true,"href":"https:\/\/lutfubeykonagi.com.tr\/index.php\/wp-json\/wp\/v2\/users\/1"}],"replies":[{"embeddable":true,"href":"https:\/\/lutfubeykonagi.com.tr\/index.php\/wp-json\/wp\/v2\/comments?post=13"}],"version-history":[{"count":0,"href":"https:\/\/lutfubeykonagi.com.tr\/index.php\/wp-json\/wp\/v2\/pages\/13\/revisions"}],"wp:attachment":[{"href":"https:\/\/lutfubeykonagi.com.tr\/index.php\/wp-json\/wp\/v2\/media?parent=13"}],"curies":[{"name":"wp","href":"https:\/\/api.w.org\/{rel}","templated":true}]}}